
{"id":78,"date":"2021-11-04T09:24:27","date_gmt":"2021-11-04T08:24:27","guid":{"rendered":"https:\/\/ahnenwerk.de\/frueher\/?page_id=78"},"modified":"2023-06-22T21:00:27","modified_gmt":"2023-06-22T19:00:27","slug":"ig-frueher","status":"publish","type":"page","link":"https:\/\/ahnenwerk.de\/frueher\/","title":{"rendered":"IG-Fr\u00fcHer"},"content":{"rendered":"\n<p><strong>I<\/strong>nteressen<strong>G<\/strong>emeinschaft <strong>Fr\u00fc<\/strong>hes <strong>H<\/strong>aus-u.<strong> H<\/strong>andwerk <strong>er<\/strong>leben =<strong> IG-Fr\u00fcHer<\/strong><\/p>\n\n\n\n<figure class=\"wp-block-image size-full\"><img data-recalc-dims=\"1\" loading=\"lazy\" decoding=\"async\" width=\"600\" height=\"397\" src=\"https:\/\/i0.wp.com\/ahnenwerk.de\/frueher\/wp-content\/uploads\/sites\/7\/2021\/11\/2014_6-1.jpg?resize=600%2C397&#038;ssl=1\" alt=\"\" class=\"wp-image-383\" srcset=\"https:\/\/i0.wp.com\/ahnenwerk.de\/frueher\/wp-content\/uploads\/sites\/7\/2021\/11\/2014_6-1.jpg?w=600&amp;ssl=1 600w, https:\/\/i0.wp.com\/ahnenwerk.de\/frueher\/wp-content\/uploads\/sites\/7\/2021\/11\/2014_6-1.jpg?resize=300%2C199&amp;ssl=1 300w, https:\/\/i0.wp.com\/ahnenwerk.de\/frueher\/wp-content\/uploads\/sites\/7\/2021\/11\/2014_6-1.jpg?resize=150%2C99&amp;ssl=1 150w, https:\/\/i0.wp.com\/ahnenwerk.de\/frueher\/wp-content\/uploads\/sites\/7\/2021\/11\/2014_6-1.jpg?resize=227%2C150&amp;ssl=1 227w\" sizes=\"auto, (max-width: 600px) 100vw, 600px\" \/><figcaption class=\"wp-element-caption\"><sup>IG Fr\u00fcHer <\/sup><\/figcaption><\/figure>\n\n\n\n<p>Die IG umfasst derzeit drei Personen + Freunde.<\/p>\n\n\n\n<p>Sie sind allesamt seit vielen Jahren in der Mittelalterszene aktiv. Seit 2010 gibt es uns als Zusammenschlu\u00df.<\/p>\n\n\n\n<p><\/p>\n\n\n\n<p>Durch ihr gemeinsames Interesse an der fr\u00fch-mittelalterlichen Geschichte und der Liebe zu einer glaubw\u00fcrdigen Darstellung mittelalterlichen Lebens mit Vorf\u00fchrung von Handwerk ist es ihnen m\u00f6glich, ein Lager der besonderen Art zu stellen.<\/p>\n\n\n\n<p><\/p>\n\n\n\n<p>Das Spannende dieses Projektes ist auch, dass alle Arbeiten innerhalb der IG-Fr\u00fcHer unter einem Leitsatz zusammengef\u00fcgt werden. So ergeben sich einzigartige M\u00f6glichkeiten Wissen zu vermitteln. Das Publikum wird nicht hinter einer Absperrleine zum zuschauen verurteilt, sondern wenn m\u00f6glich interaktiv beteiligt. Bei uns ist &#8222;Handwerk erleben&#8220; Programm.<\/p>\n\n\n\n<p><\/p>\n\n\n\n<p>Unsere Referenzen sind die Meinung des interessierten Besuchers<\/p>\n\n\n\n<p><\/p>\n\n\n\n<blockquote class=\"wp-block-quote has-text-align-center is-style-large is-layout-flow wp-block-quote-is-layout-flow\">\n<p><em>&#8222;Oh, da hatten wir ja Gl\u00fcck genau an dem Wochenende hier gewesen zu sein. Vielen Dank, dass Sie sich die M\u00fche machen das alles zu erlernen und uns dadurch unsere Fragen so kompetent zu beantworten!&#8220;<\/em><\/p>\n<cite><mark style=\"background-color:rgba(0, 0, 0, 0);color:#686969\" class=\"has-inline-color\"><sup> <\/sup><\/mark><mark style=\"background-color:rgba(0, 0, 0, 0);color:#2d2c2c\" class=\"has-inline-color\">Norwegische Besucherin in Haithabu 2022 <\/mark><\/cite><\/blockquote>\n\n\n\n<div class=\"wp-block-buttons is-layout-flex wp-block-buttons-is-layout-flex\">\n<div class=\"wp-block-button is-style-outline is-style-outline--1\"><a class=\"wp-block-button__link wp-element-button\" href=\"https:\/\/ahnenwerk.de\/frueher\">Home<\/a><\/div>\n<\/div>\n\n\n\n<p><\/p>\n","protected":false},"excerpt":{"rendered":"<p>InteressenGemeinschaft Fr\u00fches Haus-u. Handwerk erleben = IG-Fr\u00fcHer Die IG umfasst&#8230; <a class=\"continue-reading-link\" href=\"https:\/\/ahnenwerk.de\/frueher\/\">hier gehts weiter <span class=\"meta-nav\">&rarr; <\/span><\/a><\/p>\n","protected":false},"author":2,"featured_media":82,"parent":0,"menu_order":0,"comment_status":"closed","ping_status":"closed","template":"","meta":{"_lmt_disableupdate":"no","_lmt_disable":"","footnotes":""},"class_list":["post-78","page","type-page","status-publish","has-post-thumbnail","hentry"],"yoast_head":"<!-- This site is optimized with the Yoast SEO plugin v27.4 - https:\/\/yoast.com\/product\/yoast-seo-wordpress\/ -->\n<title>IG-Fr\u00fcHer - IG Fr\u00fcHer<\/title>\n<meta name=\"description\" content=\"IG-Fr\u00fcHer, Fr\u00fchmittelalter. Haithabu, Wikinger, Nordleute, Museum, Hedeby, Danewerk, Reenactment, Living History,\" \/>\n<meta name=\"robots\" content=\"index, follow, max-snippet:-1, max-image-preview:large, max-video-preview:-1\" \/>\n<link rel=\"canonical\" href=\"https:\/\/ahnenwerk.de\/frueher\/\" \/>\n<meta property=\"og:locale\" content=\"de_DE\" \/>\n<meta property=\"og:type\" content=\"article\" \/>\n<meta property=\"og:title\" content=\"IG-Fr\u00fcHer - IG Fr\u00fcHer\" \/>\n<meta property=\"og:description\" content=\"IG-Fr\u00fcHer, Fr\u00fchmittelalter. Haithabu, Wikinger, Nordleute, Museum, Hedeby, Danewerk, Reenactment, Living History,\" \/>\n<meta property=\"og:url\" content=\"https:\/\/ahnenwerk.de\/frueher\/\" \/>\n<meta property=\"og:site_name\" content=\"IG Fr\u00fcHer\" \/>\n<meta property=\"article:modified_time\" content=\"2023-06-22T19:00:27+00:00\" \/>\n<meta property=\"og:image\" content=\"https:\/\/ahnenwerk.de\/frueher\/wp-content\/uploads\/sites\/7\/2021\/11\/IG1.jpg\" \/>\n\t<meta property=\"og:image:width\" content=\"600\" \/>\n\t<meta property=\"og:image:height\" content=\"397\" \/>\n\t<meta property=\"og:image:type\" content=\"image\/jpeg\" \/>\n<meta name=\"twitter:card\" content=\"summary_large_image\" \/>\n<meta name=\"twitter:label1\" content=\"Gesch\u00e4tzte Lesezeit\" \/>\n\t<meta name=\"twitter:data1\" content=\"2\u00a0Minuten\" \/>\n<script type=\"application\/ld+json\" class=\"yoast-schema-graph\">{\"@context\":\"https:\\\/\\\/schema.org\",\"@graph\":[{\"@type\":[\"WebPage\",\"AboutPage\"],\"@id\":\"https:\\\/\\\/ahnenwerk.de\\\/frueher\\\/\",\"url\":\"https:\\\/\\\/ahnenwerk.de\\\/frueher\\\/\",\"name\":\"IG-Fr\u00fcHer - IG Fr\u00fcHer\",\"isPartOf\":{\"@id\":\"https:\\\/\\\/ahnenwerk.de\\\/frueher\\\/#website\"},\"primaryImageOfPage\":{\"@id\":\"https:\\\/\\\/ahnenwerk.de\\\/frueher\\\/#primaryimage\"},\"image\":{\"@id\":\"https:\\\/\\\/ahnenwerk.de\\\/frueher\\\/#primaryimage\"},\"thumbnailUrl\":\"https:\\\/\\\/i0.wp.com\\\/ahnenwerk.de\\\/frueher\\\/wp-content\\\/uploads\\\/sites\\\/7\\\/2021\\\/11\\\/IG1.jpg?fit=600%2C397&ssl=1\",\"datePublished\":\"2021-11-04T08:24:27+00:00\",\"dateModified\":\"2023-06-22T19:00:27+00:00\",\"description\":\"IG-Fr\u00fcHer, Fr\u00fchmittelalter. Haithabu, Wikinger, Nordleute, Museum, Hedeby, Danewerk, Reenactment, Living History,\",\"breadcrumb\":{\"@id\":\"https:\\\/\\\/ahnenwerk.de\\\/frueher\\\/#breadcrumb\"},\"inLanguage\":\"de\",\"potentialAction\":[{\"@type\":\"ReadAction\",\"target\":[\"https:\\\/\\\/ahnenwerk.de\\\/frueher\\\/\"]}]},{\"@type\":\"ImageObject\",\"inLanguage\":\"de\",\"@id\":\"https:\\\/\\\/ahnenwerk.de\\\/frueher\\\/#primaryimage\",\"url\":\"https:\\\/\\\/i0.wp.com\\\/ahnenwerk.de\\\/frueher\\\/wp-content\\\/uploads\\\/sites\\\/7\\\/2021\\\/11\\\/IG1.jpg?fit=600%2C397&ssl=1\",\"contentUrl\":\"https:\\\/\\\/i0.wp.com\\\/ahnenwerk.de\\\/frueher\\\/wp-content\\\/uploads\\\/sites\\\/7\\\/2021\\\/11\\\/IG1.jpg?fit=600%2C397&ssl=1\",\"width\":600,\"height\":397,\"caption\":\"IG-fr\u00fcher\"},{\"@type\":\"BreadcrumbList\",\"@id\":\"https:\\\/\\\/ahnenwerk.de\\\/frueher\\\/#breadcrumb\",\"itemListElement\":[{\"@type\":\"ListItem\",\"position\":1,\"name\":\"Startseite\",\"item\":\"https:\\\/\\\/ahnenwerk.de\\\/frueher\\\/\"},{\"@type\":\"ListItem\",\"position\":2,\"name\":\"IG-Fr\u00fcHer\"}]},{\"@type\":\"WebSite\",\"@id\":\"https:\\\/\\\/ahnenwerk.de\\\/frueher\\\/#website\",\"url\":\"https:\\\/\\\/ahnenwerk.de\\\/frueher\\\/\",\"name\":\"IG Fr\u00fcHer\",\"description\":\"IG Fr\u00fches Haus u. Handwerk erleben\",\"publisher\":{\"@id\":\"https:\\\/\\\/ahnenwerk.de\\\/frueher\\\/#organization\"},\"potentialAction\":[{\"@type\":\"SearchAction\",\"target\":{\"@type\":\"EntryPoint\",\"urlTemplate\":\"https:\\\/\\\/ahnenwerk.de\\\/frueher\\\/?s={search_term_string}\"},\"query-input\":{\"@type\":\"PropertyValueSpecification\",\"valueRequired\":true,\"valueName\":\"search_term_string\"}}],\"inLanguage\":\"de\"},{\"@type\":\"Organization\",\"@id\":\"https:\\\/\\\/ahnenwerk.de\\\/frueher\\\/#organization\",\"name\":\"IG Fr\u00fcHer\",\"url\":\"https:\\\/\\\/ahnenwerk.de\\\/frueher\\\/\",\"logo\":{\"@type\":\"ImageObject\",\"inLanguage\":\"de\",\"@id\":\"https:\\\/\\\/ahnenwerk.de\\\/frueher\\\/#\\\/schema\\\/logo\\\/image\\\/\",\"url\":\"https:\\\/\\\/i0.wp.com\\\/ahnenwerk.de\\\/frueher\\\/wp-content\\\/uploads\\\/sites\\\/7\\\/2021\\\/11\\\/cropped-2014_6-1.jpg?fit=512%2C512&ssl=1\",\"contentUrl\":\"https:\\\/\\\/i0.wp.com\\\/ahnenwerk.de\\\/frueher\\\/wp-content\\\/uploads\\\/sites\\\/7\\\/2021\\\/11\\\/cropped-2014_6-1.jpg?fit=512%2C512&ssl=1\",\"width\":512,\"height\":512,\"caption\":\"IG Fr\u00fcHer\"},\"image\":{\"@id\":\"https:\\\/\\\/ahnenwerk.de\\\/frueher\\\/#\\\/schema\\\/logo\\\/image\\\/\"}}]}<\/script>\n<!-- \/ Yoast SEO plugin. -->","yoast_head_json":{"title":"IG-Fr\u00fcHer - IG Fr\u00fcHer","description":"IG-Fr\u00fcHer, Fr\u00fchmittelalter. Haithabu, Wikinger, Nordleute, Museum, Hedeby, Danewerk, Reenactment, Living History,","robots":{"index":"index","follow":"follow","max-snippet":"max-snippet:-1","max-image-preview":"max-image-preview:large","max-video-preview":"max-video-preview:-1"},"canonical":"https:\/\/ahnenwerk.de\/frueher\/","og_locale":"de_DE","og_type":"article","og_title":"IG-Fr\u00fcHer - IG Fr\u00fcHer","og_description":"IG-Fr\u00fcHer, Fr\u00fchmittelalter. Haithabu, Wikinger, Nordleute, Museum, Hedeby, Danewerk, Reenactment, Living History,","og_url":"https:\/\/ahnenwerk.de\/frueher\/","og_site_name":"IG Fr\u00fcHer","article_modified_time":"2023-06-22T19:00:27+00:00","og_image":[{"width":600,"height":397,"url":"https:\/\/ahnenwerk.de\/frueher\/wp-content\/uploads\/sites\/7\/2021\/11\/IG1.jpg","type":"image\/jpeg"}],"twitter_card":"summary_large_image","twitter_misc":{"Gesch\u00e4tzte Lesezeit":"2\u00a0Minuten"},"schema":{"@context":"https:\/\/schema.org","@graph":[{"@type":["WebPage","AboutPage"],"@id":"https:\/\/ahnenwerk.de\/frueher\/","url":"https:\/\/ahnenwerk.de\/frueher\/","name":"IG-Fr\u00fcHer - IG Fr\u00fcHer","isPartOf":{"@id":"https:\/\/ahnenwerk.de\/frueher\/#website"},"primaryImageOfPage":{"@id":"https:\/\/ahnenwerk.de\/frueher\/#primaryimage"},"image":{"@id":"https:\/\/ahnenwerk.de\/frueher\/#primaryimage"},"thumbnailUrl":"https:\/\/i0.wp.com\/ahnenwerk.de\/frueher\/wp-content\/uploads\/sites\/7\/2021\/11\/IG1.jpg?fit=600%2C397&ssl=1","datePublished":"2021-11-04T08:24:27+00:00","dateModified":"2023-06-22T19:00:27+00:00","description":"IG-Fr\u00fcHer, Fr\u00fchmittelalter. Haithabu, Wikinger, Nordleute, Museum, Hedeby, Danewerk, Reenactment, Living History,","breadcrumb":{"@id":"https:\/\/ahnenwerk.de\/frueher\/#breadcrumb"},"inLanguage":"de","potentialAction":[{"@type":"ReadAction","target":["https:\/\/ahnenwerk.de\/frueher\/"]}]},{"@type":"ImageObject","inLanguage":"de","@id":"https:\/\/ahnenwerk.de\/frueher\/#primaryimage","url":"https:\/\/i0.wp.com\/ahnenwerk.de\/frueher\/wp-content\/uploads\/sites\/7\/2021\/11\/IG1.jpg?fit=600%2C397&ssl=1","contentUrl":"https:\/\/i0.wp.com\/ahnenwerk.de\/frueher\/wp-content\/uploads\/sites\/7\/2021\/11\/IG1.jpg?fit=600%2C397&ssl=1","width":600,"height":397,"caption":"IG-fr\u00fcher"},{"@type":"BreadcrumbList","@id":"https:\/\/ahnenwerk.de\/frueher\/#breadcrumb","itemListElement":[{"@type":"ListItem","position":1,"name":"Startseite","item":"https:\/\/ahnenwerk.de\/frueher\/"},{"@type":"ListItem","position":2,"name":"IG-Fr\u00fcHer"}]},{"@type":"WebSite","@id":"https:\/\/ahnenwerk.de\/frueher\/#website","url":"https:\/\/ahnenwerk.de\/frueher\/","name":"IG Fr\u00fcHer","description":"IG Fr\u00fches Haus u. Handwerk erleben","publisher":{"@id":"https:\/\/ahnenwerk.de\/frueher\/#organization"},"potentialAction":[{"@type":"SearchAction","target":{"@type":"EntryPoint","urlTemplate":"https:\/\/ahnenwerk.de\/frueher\/?s={search_term_string}"},"query-input":{"@type":"PropertyValueSpecification","valueRequired":true,"valueName":"search_term_string"}}],"inLanguage":"de"},{"@type":"Organization","@id":"https:\/\/ahnenwerk.de\/frueher\/#organization","name":"IG Fr\u00fcHer","url":"https:\/\/ahnenwerk.de\/frueher\/","logo":{"@type":"ImageObject","inLanguage":"de","@id":"https:\/\/ahnenwerk.de\/frueher\/#\/schema\/logo\/image\/","url":"https:\/\/i0.wp.com\/ahnenwerk.de\/frueher\/wp-content\/uploads\/sites\/7\/2021\/11\/cropped-2014_6-1.jpg?fit=512%2C512&ssl=1","contentUrl":"https:\/\/i0.wp.com\/ahnenwerk.de\/frueher\/wp-content\/uploads\/sites\/7\/2021\/11\/cropped-2014_6-1.jpg?fit=512%2C512&ssl=1","width":512,"height":512,"caption":"IG Fr\u00fcHer"},"image":{"@id":"https:\/\/ahnenwerk.de\/frueher\/#\/schema\/logo\/image\/"}}]}},"jetpack_sharing_enabled":true,"_links":{"self":[{"href":"https:\/\/ahnenwerk.de\/frueher\/wp-json\/wp\/v2\/pages\/78","targetHints":{"allow":["GET"]}}],"collection":[{"href":"https:\/\/ahnenwerk.de\/frueher\/wp-json\/wp\/v2\/pages"}],"about":[{"href":"https:\/\/ahnenwerk.de\/frueher\/wp-json\/wp\/v2\/types\/page"}],"author":[{"embeddable":true,"href":"https:\/\/ahnenwerk.de\/frueher\/wp-json\/wp\/v2\/users\/2"}],"replies":[{"embeddable":true,"href":"https:\/\/ahnenwerk.de\/frueher\/wp-json\/wp\/v2\/comments?post=78"}],"version-history":[{"count":28,"href":"https:\/\/ahnenwerk.de\/frueher\/wp-json\/wp\/v2\/pages\/78\/revisions"}],"predecessor-version":[{"id":675,"href":"https:\/\/ahnenwerk.de\/frueher\/wp-json\/wp\/v2\/pages\/78\/revisions\/675"}],"wp:featuredmedia":[{"embeddable":true,"href":"https:\/\/ahnenwerk.de\/frueher\/wp-json\/wp\/v2\/media\/82"}],"wp:attachment":[{"href":"https:\/\/ahnenwerk.de\/frueher\/wp-json\/wp\/v2\/media?parent=78"}],"curies":[{"name":"wp","href":"https:\/\/api.w.org\/{rel}","templated":true}]}}